{"id":6403,"date":"2023-10-23T07:29:39","date_gmt":"2023-10-23T14:29:39","guid":{"rendered":"https:\/\/www.francophonie-calgary.ca\/culture-and-education\/activites-pour-ecole\/"},"modified":"2024-08-28T12:21:33","modified_gmt":"2024-08-28T19:21:33","slug":"school-activities","status":"publish","type":"page","link":"https:\/\/www.francophonie-calgary.ca\/en\/culture-and-education\/school-activities\/","title":{"rendered":"School Activities"},"content":{"rendered":"<div class=\"wpb-content-wrapper\"><p>[vc_row][vc_column]\t\t<div class=\"archived-page\">\r\n\t\t\t<div class=\"page-link\">\r\n\t\t\t\t<ul>\r\n\t\t\t\t\t\t\t\t\t\t\t<li class=\"nav-item\">\r\n\t\t\t\t\t\t\t<a class=\"nav-link\" href=\"https:\/\/www.francophonie-calgary.ca\/culture-et-education\/activites-pour-ecole\/\">\r\n\t\t\t\t\t\t\t\t\t\t\t\t\t\t\t\t\t<i class=\"w-100 defau-img\"><img decoding=\"async\" src=\"https:\/\/www.francophonie-calgary.ca\/wp-content\/uploads\/2023\/08\/FrancoCal-icon4_com22.png\" alt=\"Activities for schools\"><\/i>\r\n\t\t\t\t\t\t\t\t\t\t\t\t\t\t\t\t\t\t\t<i class=\"w-100 hover-img\"><img decoding=\"async\" src=\"https:\/\/www.francophonie-calgary.ca\/wp-content\/uploads\/2023\/08\/FrancoCal-icon4_com23.png\" alt=\"Activities for schools\"><\/i>\r\n\t\t\t\t\t\t\t\t\t\t\t\t\t\t\t\t\t\t<span class=\"d-block\">Activities for schools<\/span>\r\n\t\t\t\t\t\t\t<\/a>\r\n\t\t\t\t\t\t<\/li>\r\n\t\t\t\t\t\t\t\t\t\t\t\t<li class=\"nav-item\">\r\n\t\t\t\t\t\t\t<a class=\"nav-link\" href=\"https:\/\/www.francophonie-calgary.ca\/culture-et-education\/activites-pour-famille\/\">\r\n\t\t\t\t\t\t\t\t\t\t\t\t\t\t\t\t\t<i class=\"w-100 defau-img\"><img decoding=\"async\" src=\"https:\/\/www.francophonie-calgary.ca\/wp-content\/uploads\/2023\/08\/FrancoCal-icon4_Ev.png\" alt=\"Activities for families\"><\/i>\r\n\t\t\t\t\t\t\t\t\t\t\t\t\t\t\t\t\t\t\t<i class=\"w-100 hover-img\"><img decoding=\"async\" src=\"https:\/\/www.francophonie-calgary.ca\/wp-content\/uploads\/2023\/08\/FrancoCal-icon4_EvB.png\" alt=\"Activities for families\"><\/i>\r\n\t\t\t\t\t\t\t\t\t\t\t\t\t\t\t\t\t\t<span class=\"d-block\">Activities for families<\/span>\r\n\t\t\t\t\t\t\t<\/a>\r\n\t\t\t\t\t\t<\/li>\r\n\t\t\t\t\t\t\t\t\t\t<\/ul>\r\n\t\t\t<\/div>\r\n\t\t<\/div>\r\n\t\t\t<!-- Page Content -->\r\n\t<div class=\"container-fluid no-left-padding no-right-padding masonry-box-1 pt_80 pb_80\">\r\n\t\t\t\t\t\t\t\t<div class=\"section-header2 workshop-heading-grid text-center\"><h3 class=\"mb-3\">Artistic activities<\/h3><\/div>\r\n\t\t\t\t\t\t<div class=\"row justify-content-center\">\r\n\t\t\t\t\t\t\t\t\t\t\t\t\t\t\t<article id=\"post-6398\" class=\"col-lg-4 col-md-6 col-sm-12 mb-5 post-6398 ateliers type-ateliers status-publish has-post-thumbnail hentry ateliers_tax-school-activities ateliers_tax-artistic-activities\">\r\n\t\t\t<div class=\"post-box\">\r\n\t\t\t<div class=\"post-cover\">\r\n\t\t\t\t\t\t\t\t\t\t\t\t\r\n\t\t\t\t\t<a href=\"https:\/\/www.francophonie-calgary.ca\/en\/culture-et-educations\/sugar-shack-school-tour-2025-x-tradbadour\/\">\r\n\t\t\t\t\t\t<img decoding=\"async\" width=\"414\" height=\"317\" src=\"https:\/\/www.francophonie-calgary.ca\/wp-content\/uploads\/2024\/05\/Atelier-15-414x317.png\" class=\"attachment-francophoniecal_414_317 size-francophoniecal_414_317 wp-post-image\" alt=\"CABANE \u00c0 SUCRE\" \/>\t\t\t\t\t<\/a>\r\n\t\t\t\t\t\t\t\t<\/div>\r\n\t\t\t<div class=\"post-content\">\r\n\t\t\t\t<ul class=\"post-category\">\r\n\t\t\t\t\t<li><\/li>\r\n\t\t\t\t<\/ul>\r\n\t\t\t\t<h3 class=\"post-title\">\r\n\t\t\t\t\t<a title=\"SUGAR SHACK SCHOOL TOUR 2025 X TRAD&#8217;BADOUR\" href=\"https:\/\/www.francophonie-calgary.ca\/en\/culture-et-educations\/sugar-shack-school-tour-2025-x-tradbadour\/\">\r\n\t\t\t\t\t\tSUGAR SHACK SCHOOL TOUR 2025 X TRAD&#8217;BADOUR\t\t\t\t\t<\/a>\r\n\t\t\t\t<\/h3>\r\n\t\t\t\t<p>La tourn\u00e9e Cabane\u00a0\u00e0\u00a0sucre 2025 en pr\u00e9sentiel dans les \u00e9coles francophones et d'immersion fran\u00e7aise, pr\u00e9sent\u00e9e par l'ACFA r\u00e9gionale de Calgary,<\/p>\n<p>LE SPECTACLE:\u00a0<\/p>\n<p>Un spectacle scolaire captivant qui met.<\/p>\n\t\t\t\t<div class=\"btn-block\">\r\n\t\t\t\t\t<a class=\"default-btn\" href=\"https:\/\/www.francophonie-calgary.ca\/en\/culture-et-educations\/sugar-shack-school-tour-2025-x-tradbadour\/\" title=\"Read More\">\r\n\t\t\t\t\t\tRead More\t\t\t\t\t<\/a>\r\n\t\t\t\t<\/div>\r\n\t\t\t<\/div>\r\n\t\t<\/div>\r\n\t\t<\/article>\r\n<!-- Modal -->\r\n<div class=\"modal fade\" id=\"modal-regform\" tabindex=\"-1\" aria-labelledby=\"regformLabel\" aria-hidden=\"true\">\r\n\t<div class=\"modal-dialog\">\r\n\t\t<div class=\"modal-content\">\r\n\t\t\t<div class=\"modal-header\">\r\n\t\t\t\t<h5 class=\"modal-title\" id=\"regformLabel\">S\u2019inscrire \u00e0 l\u2019atelier<\/h5>\r\n\t\t\t\t<button type=\"button\" class=\"close\" data-dismiss=\"modal\" aria-label=\"Close\">\r\n\t\t\t\t\t<span aria-hidden=\"true\">\u00d7<\/span>\r\n\t\t\t\t<\/button>\r\n\t\t\t<\/div>\r\n\t\t\t<div class=\"modal-body\">\r\n\t\t\t\t[fluentform id=\"4\"]\t\t\t<\/div>\r\n\t\t<\/div>\r\n\t<\/div>\r\n<\/div>\t\t\t\t\t\t\t\t\t\t\t\t\t\t<\/div>\r\n\t\t\t\t\t\t\t<\/div>\r\n\t[\/vc_column][\/vc_row]<\/p>\n<\/div>","protected":false},"excerpt":{"rendered":"<p>[vc_row][vc_column][\/vc_column][\/vc_row]<\/p>\n","protected":false},"author":1,"featured_media":0,"parent":6371,"menu_order":0,"comment_status":"closed","ping_status":"closed","template":"","meta":{"_acf_changed":false,"cybocfi_hide_featured_image":"","footnotes":""},"acf":[],"_links":{"self":[{"href":"https:\/\/www.francophonie-calgary.ca\/en\/wp-json\/wp\/v2\/pages\/6403"}],"collection":[{"href":"https:\/\/www.francophonie-calgary.ca\/en\/wp-json\/wp\/v2\/pages"}],"about":[{"href":"https:\/\/www.francophonie-calgary.ca\/en\/wp-json\/wp\/v2\/types\/page"}],"author":[{"embeddable":true,"href":"https:\/\/www.francophonie-calgary.ca\/en\/wp-json\/wp\/v2\/users\/1"}],"replies":[{"embeddable":true,"href":"https:\/\/www.francophonie-calgary.ca\/en\/wp-json\/wp\/v2\/comments?post=6403"}],"version-history":[{"count":4,"href":"https:\/\/www.francophonie-calgary.ca\/en\/wp-json\/wp\/v2\/pages\/6403\/revisions"}],"predecessor-version":[{"id":6427,"href":"https:\/\/www.francophonie-calgary.ca\/en\/wp-json\/wp\/v2\/pages\/6403\/revisions\/6427"}],"up":[{"embeddable":true,"href":"https:\/\/www.francophonie-calgary.ca\/en\/wp-json\/wp\/v2\/pages\/6371"}],"wp:attachment":[{"href":"https:\/\/www.francophonie-calgary.ca\/en\/wp-json\/wp\/v2\/media?parent=6403"}],"curies":[{"name":"wp","href":"https:\/\/api.w.org\/{rel}","templated":true}]}}